{"id":179,"date":"2024-08-12T12:14:59","date_gmt":"2024-08-12T10:14:59","guid":{"rendered":"http:\/\/localhost\/WP-Ratschlag\/?page_id=179"},"modified":"2025-11-05T22:56:11","modified_gmt":"2025-11-05T21:56:11","slug":"infos","status":"publish","type":"page","link":"https:\/\/www.ratschlag-thueringen.de\/infos\/","title":{"rendered":"Infos"},"content":{"rendered":"\n<div class=\"wp-block-group alignwide is-layout-grid wp-container-core-group-is-layout-34d4e9fd wp-block-group-is-layout-grid\">\n<div class=\"wp-block-group is-style-top-border has-global-padding is-layout-constrained wp-block-group-is-layout-constrained\">\n<h3 class=\"wp-block-heading\">Ablauf<\/h3>\n\n\n\n<p>Am Einlass ist der allgemeine<strong> Infopunkt<\/strong>, dort bekommt ihr alle aktuellen Infos. (Workshops, Raum\u00e4nderungen, etc.)<br>Tragt euch dort bitte in die Workshops ein, die ihr besuchen wollt. Wenn ihr besondere Bedarfe, Bitten oder Fragen habt, die vorher gekl\u00e4rt werden sollen, schreibt bitte eine <a href=\"mailto:info@ratschlag-thueringen.de\"><strong>Mail<\/strong><\/a>.<br>Welche Workshops in welchen R\u00e4umen stattfinden, steht erst am Samstag fest.<\/p>\n<\/div>\n\n\n\n<div class=\"wp-block-group is-style-top-border has-global-padding is-layout-constrained wp-block-group-is-layout-constrained\">\n<h3 class=\"wp-block-heading\">No Nazis! &#8211; Ausschlussklausel<\/h3>\n\n\n\n<p>Abs. 1 Versammlungsgesetz Entsprechend \u00a7 6 sind Personen, die rechtsextremen Parteien angeh\u00f6ren, der rechtsextremen Szene zuzuordnen sind oder bereits durch rassistische, nationalistische, antisemitische, sonstige menschenverachtende \u00c4u\u00dferungen in Erscheinung getreten sind, von der Versammlung ausgeschlossen.<\/p>\n<\/div>\n\n\n\n<div class=\"wp-block-group is-style-top-border has-global-padding is-layout-constrained wp-block-group-is-layout-constrained\">\n<h3 class=\"wp-block-heading\">Orte<\/h3>\n\n\n\n<p>Der Ratschlag findet 2025 in Jena in der <a href=\"https:\/\/www.gms-wenigenjena.de\/\"><strong>Gemeinschaftsschule Wenigenjena<\/strong><\/a> (Jenzigweg 29, Jena) statt.<br>Alle abweichenden Orte f\u00fcr Mahngang oder Party findet ihr im <a href=\"https:\/\/www.ratschlag-thueringen.de\/programm\/\" data-type=\"page\" data-id=\"932\"><strong>Programm<\/strong><\/a>.<\/p>\n<\/div>\n\n\n\n<div class=\"wp-block-group is-style-top-border has-global-padding is-layout-constrained wp-block-group-is-layout-constrained\">\n<h3 class=\"wp-block-heading\">Kosten &amp; Spenden<\/h3>\n\n\n\n<p>Der Ratschlag ist wie immer <strong>kostenfrei<\/strong>. Wir bitten Teilnehmer_innen mit Einkommen sich mit Spenden an den entstandenen Kosten zu beteiligen. F\u00fcr die Kulturveranstaltung am Samstag Abend erbitten wir eine Kostenbeteiligung in Form von Spenden. Wenn ihr im Vorfeld Geld spenden wollt, meldet euch <a href=\"mailto:info@ratschlag-thueringen.de\"><strong>per Mail<\/strong><\/a>.<\/p>\n<\/div>\n\n\n\n<div class=\"wp-block-group is-style-top-border has-global-padding is-layout-constrained wp-block-group-is-layout-constrained\">\n<h3 class=\"wp-block-heading\">Awareness<\/h3>\n\n\n\n<p>Damit alle eine gute Zeit haben k\u00f6nnen, ist dies kein Ort f\u00fcr (Cis-)Sexismus, Rassismus, Homo, Trans-, Inter- und Queerfeindlichkeit, Faschismus, Antisemitismus und anderweitig diskriminierendes und \u00fcbergriffiges Verhalten!<br>Der Flyer wird beim Ratschlag mehrsprachig ausgeh\u00e4ngt. <br>Das Awareness-Team wird prim\u00e4r auf Deutsch &amp; Englisch arbeiten, f\u00fcr andere Sprachen versuchen wir eine \u00dcbersetzung zu organisieren.<br>Am Samstag wird die Nummer ver\u00f6ffentlicht, unter der ihr das Awareness-Team erreichen k\u00f6nnt.<\/p>\n<\/div>\n\n\n\n<div class=\"wp-block-group is-style-top-border has-global-padding is-layout-constrained wp-block-group-is-layout-constrained\">\n<h3 class=\"wp-block-heading\">Barrierefreiheit<\/h3>\n\n\n\n<p>Wenn du einen Bedarf anmelden m\u00f6chtest, kannst du das bis zum 24.10. unter folgender E-Mail-Adresse tun: <strong><a href=\"mailto:barrieren@ratschlag-thueringen.de\">barrieren@ratschlag-thueringen.de<\/a><\/strong><\/p>\n\n\n\n<p>Wir tun alles, um deinem Bedarf gerecht zu werden und die Barrieren beim Ratschlag m\u00f6glichst gering zu halten.<\/p>\n<\/div>\n\n\n\n<div class=\"wp-block-group is-style-top-border has-global-padding is-layout-constrained wp-block-group-is-layout-constrained\">\n<h3 class=\"wp-block-heading\">Kinderbetreuung<\/h3>\n\n\n\n<p>Falls ihr beim Ratschlag Kinderbetreuung in Anspruch nehmen m\u00f6chtet, meldet euch bitte vorher (und gerne fr\u00fchzeitig) mit euren konkreten Bedarfen (mindestens: <strong>Zeiten, Alter der Kinder<\/strong>) unter <a href=\"mailto:kinderbetreuung@ratschlag-thueringen.de\"><strong>kinderbetreuung@ratschlag-thueringen.de<\/strong><\/a><\/p>\n<\/div>\n\n\n\n<div class=\"wp-block-group is-style-top-border has-global-padding is-layout-constrained wp-block-group-is-layout-constrained\">\n<h3 class=\"wp-block-heading\">Verpflegung<\/h3>\n\n\n\n<p>Wir bieten Freitag nach dem Mahngang und Samstag in der Mittagspause vegan\/ vegetarische Verpflegung auf Spendenbasis an.<\/p>\n<\/div>\n\n\n\n<div class=\"wp-block-group is-style-top-border has-global-padding is-layout-constrained wp-block-group-is-layout-constrained\">\n<h3 class=\"wp-block-heading\">Kuchen<\/h3>\n\n\n\n<p>Wie jedes Jahr wird in den Pausen beim Ratschlag gerne Kuchen gegessen. Fragt bitte in euren Organisationen, Strukturen, Freundes- und Bekanntenkreisen nach, ob sie f\u00fcr den Ratschlag Kuchen backen k\u00f6nnten und meldet das bitte <strong><a href=\"mailto:info@ratschlag-thueringen.de\">per Mail<\/a><\/strong> zur\u00fcck, damit wir einsch\u00e4tzen k\u00f6nnen, ob noch welcher besorgt werden muss.<\/p>\n<\/div>\n\n\n\n<div class=\"wp-block-group is-style-top-border has-global-padding is-layout-constrained wp-block-group-is-layout-constrained\">\n<h3 class=\"wp-block-heading\">Verdolmetschung<\/h3>\n\n\n\n<p>Welche Angebote verdolmetscht werden, steht im <a href=\"https:\/\/www.ratschlag-thueringen.de\/programm\/\">Programm<\/a> bei den einzelnen Workshops\/ Vortr\u00e4gen.<\/p>\n<\/div>\n<\/div>\n","protected":false},"excerpt":{"rendered":"<p>Ablauf Am Einlass ist der allgemeine Infopunkt, dort bekommt ihr alle aktuellen Infos. (Workshops, Raum\u00e4nderungen, etc.)Tragt euch dort bitte in die Workshops ein, die ihr besuchen wollt. Wenn ihr besondere Bedarfe, Bitten oder Fragen habt, die vorher gekl\u00e4rt werden sollen, schreibt bitte eine Mail.Welche Workshops in welchen R\u00e4umen stattfinden, steht erst am Samstag fest. No [&hellip;]<\/p>\n","protected":false},"author":1,"featured_media":0,"parent":0,"menu_order":0,"comment_status":"closed","ping_status":"closed","template":"","meta":{"footnotes":""},"class_list":["post-179","page","type-page","status-publish","hentry"],"_links":{"self":[{"href":"https:\/\/www.ratschlag-thueringen.de\/wp-json\/wp\/v2\/pages\/179","targetHints":{"allow":["GET"]}}],"collection":[{"href":"https:\/\/www.ratschlag-thueringen.de\/wp-json\/wp\/v2\/pages"}],"about":[{"href":"https:\/\/www.ratschlag-thueringen.de\/wp-json\/wp\/v2\/types\/page"}],"author":[{"embeddable":true,"href":"https:\/\/www.ratschlag-thueringen.de\/wp-json\/wp\/v2\/users\/1"}],"replies":[{"embeddable":true,"href":"https:\/\/www.ratschlag-thueringen.de\/wp-json\/wp\/v2\/comments?post=179"}],"version-history":[{"count":10,"href":"https:\/\/www.ratschlag-thueringen.de\/wp-json\/wp\/v2\/pages\/179\/revisions"}],"predecessor-version":[{"id":1025,"href":"https:\/\/www.ratschlag-thueringen.de\/wp-json\/wp\/v2\/pages\/179\/revisions\/1025"}],"wp:attachment":[{"href":"https:\/\/www.ratschlag-thueringen.de\/wp-json\/wp\/v2\/media?parent=179"}],"curies":[{"name":"wp","href":"https:\/\/api.w.org\/{rel}","templated":true}]}}