{"id":250,"date":"2024-08-16T21:02:46","date_gmt":"2024-08-16T19:02:46","guid":{"rendered":"http:\/\/localhost\/WP-Ratschlag\/?page_id=246"},"modified":"2025-08-21T15:20:26","modified_gmt":"2025-08-21T13:20:26","slug":"infos-in-einfacher-sprache","status":"publish","type":"page","link":"https:\/\/www.ratschlag-thueringen.de\/infos-in-einfacher-sprache\/","title":{"rendered":"Infos in Einfacher Sprache"},"content":{"rendered":"\n<p>Seit Anfang der 1990er Jahre gibt es in Th\u00fcringen jedes Jahr eine Veranstaltung, um an die Novemberpogrome von 1938 zu erinnern. Diese Veranstaltung hei\u00dft \u201eantifaschistischer und antirassistischer Ratschlag\u201c. Hier treffen sich Menschen, die gegen Faschismus und Rassismus k\u00e4mpfen. Sie diskutieren \u00fcber wichtige Themen und planen gemeinsame Aktionen.<\/p>\n\n\n\n<p>Viele verschiedene Gruppen kommen zusammen. Dazu geh\u00f6ren Gewerkschaften, Antifa- und Antira-Bewegungen, Parteien, B\u00fcrgerinitiativen und linke Gruppen.<\/p>\n\n\n\n<p>In diesem Jahr haben rechte Parteien in Europa und Th\u00fcringen gro\u00dfen Wahlerfolge gehabt. Viele Parteien reagieren darauf mit strengeren Regeln f\u00fcr Migration und Sicherheit. Dadurch gibt es mehr rechte, rassistische, antisemitische und antifeministische Aktivit\u00e4ten. Diese Aktivit\u00e4ten bedrohen viele Menschen, nicht nur unsere Kolleg_innen und Freund_innen, sondern alle, die nicht in das rechte Weltbild passen.<\/p>\n\n\n\n<p>Wir wollen beim Ratschlag unter anderem dar\u00fcber sprechen, was die Wahlergebnisse in Th\u00fcringen f\u00fcr die antifaschistische Politik bedeuten. Wir wollen die Ursachen f\u00fcr den Rechtsruck in der Gesellschaft verstehen und \u00fcberlegen, was wir dagegen tun k\u00f6nnen. Wir wollen auch \u00fcber eine gute Erinnerungskultur sprechen.<\/p>\n\n\n\n<p>Lasst uns gemeinsam diskutieren und planen, wie wir uns besser organisieren k\u00f6nnen. Wir wollen unsere Kr\u00e4fte b\u00fcndeln und gemeinsam gegen Ausgrenzung, Angriffe und Unterdr\u00fcckung vorgehen.<\/p>\n\n\n\n<p>Kommt am 07. und 08. November nach Jena!<\/p>\n\n\n\n<p><\/p>\n\n\n\n<p>Wir k\u00f6nnen in diesem Jahr keinen Workshop\/ Vortrag in einfacher Sprache anbieten.<\/p>\n\n\n\n<p><\/p>\n","protected":false},"excerpt":{"rendered":"<p>Seit Anfang der 1990er Jahre gibt es in Th\u00fcringen jedes Jahr eine Veranstaltung, um an die Novemberpogrome von 1938 zu erinnern. Diese Veranstaltung hei\u00dft \u201eantifaschistischer und antirassistischer Ratschlag\u201c. Hier treffen sich Menschen, die gegen Faschismus und Rassismus k\u00e4mpfen. Sie diskutieren \u00fcber wichtige Themen und planen gemeinsame Aktionen. Viele verschiedene Gruppen kommen zusammen. Dazu geh\u00f6ren Gewerkschaften, [&hellip;]<\/p>\n","protected":false},"author":1,"featured_media":0,"parent":0,"menu_order":0,"comment_status":"closed","ping_status":"closed","template":"","meta":{"footnotes":""},"class_list":["post-250","page","type-page","status-publish","hentry"],"_links":{"self":[{"href":"https:\/\/www.ratschlag-thueringen.de\/wp-json\/wp\/v2\/pages\/250","targetHints":{"allow":["GET"]}}],"collection":[{"href":"https:\/\/www.ratschlag-thueringen.de\/wp-json\/wp\/v2\/pages"}],"about":[{"href":"https:\/\/www.ratschlag-thueringen.de\/wp-json\/wp\/v2\/types\/page"}],"author":[{"embeddable":true,"href":"https:\/\/www.ratschlag-thueringen.de\/wp-json\/wp\/v2\/users\/1"}],"replies":[{"embeddable":true,"href":"https:\/\/www.ratschlag-thueringen.de\/wp-json\/wp\/v2\/comments?post=250"}],"version-history":[{"count":1,"href":"https:\/\/www.ratschlag-thueringen.de\/wp-json\/wp\/v2\/pages\/250\/revisions"}],"predecessor-version":[{"id":866,"href":"https:\/\/www.ratschlag-thueringen.de\/wp-json\/wp\/v2\/pages\/250\/revisions\/866"}],"wp:attachment":[{"href":"https:\/\/www.ratschlag-thueringen.de\/wp-json\/wp\/v2\/media?parent=250"}],"curies":[{"name":"wp","href":"https:\/\/api.w.org\/{rel}","templated":true}]}}