{"id":870,"date":"2025-10-29T22:27:48","date_gmt":"2025-10-29T21:27:48","guid":{"rendered":"https:\/\/www.ratschlag-thueringen.de\/?page_id=870"},"modified":"2025-11-06T10:54:05","modified_gmt":"2025-11-06T09:54:05","slug":"unterstuetzende","status":"publish","type":"page","link":"https:\/\/www.ratschlag-thueringen.de\/unterstuetzende\/","title":{"rendered":"Unterst\u00fctzende"},"content":{"rendered":"\n<p>Diese Seite listet aktuelle Unterst\u00fctzer*innen auf, die gegen Rechtsextremismus und Rassismus in Th\u00fcringen k\u00e4mpfen. Wir sind ein Netzwerk von Organisationen, Gruppen und Einzelpersonen, die sich f\u00fcr eine inklusive und gerechte Gesellschaft einsetzen.<\/p>\n\n\n\n<p><strong>Willst du uns auch unterst\u00fctzen?<\/strong><\/p>\n\n\n\n<p>Wenn Sie m\u00f6chten, k\u00f6nnen Sie sich zu unserer Unterst\u00fctzerliste hinzuf\u00fcgen. Bitte melden Sie sich bei uns per E-Mail an <a href=\"mailto:info@ratschlag-thueringen.de\">info@ratschlag-thueringen.de<\/a>, damit wir Ihre Daten aufnehmen k\u00f6nnen. Wir freuen uns \u00fcber jede Unterst\u00fctzung!<\/p>\n\n\n\n<div class=\"wp-block-group is-style-top-border is-layout-grid wp-container-core-group-is-layout-ba5da23f wp-block-group-is-layout-grid\">\n<p class=\"has-text-align-left wp-container-content-e4b5e493\"><a href=\"https:\/\/aktionantifagera.noblogs.org\/\">Antifaschistische Aktion Gera [AAG]<\/a><\/p>\n\n\n\n<p class=\"has-text-align-left wp-container-content-e4b5e493\"><a href=\"https:\/\/www.instagram.com\/abga_weimar\/\">Aktionsb\u00fcndnis gegen Antisemitismus Weimar [AbgA]<\/a><\/p>\n\n\n\n<p class=\"has-text-align-left\"><a href=\"https:\/\/agst.noblogs.org\/\">Antifaschistische Gruppen S\u00fcdth\u00fcringen [AGST]<\/a><\/p>\n\n\n\n<p class=\"has-text-align-left wp-container-content-e4b5e493\"><a href=\"https:\/\/agst.noblogs.org\/\">Antifa Suhl \/ Zella-Mehlis<\/a><\/p>\n\n\n\n<p class=\"has-text-align-left\"><a href=\"https:\/\/ak40.noblogs.org\/\">AK40<\/a><\/p>\n\n\n\n<p class=\"has-text-align-left wp-container-content-e4b5e493\"><a href=\"https:\/\/ais-shk.de\/\">AIS (anitfaschistisch \u2013 initiativ \u2013 solidarisch) Saale-Holzland-Kreis<\/a><\/p>\n\n\n\n<p class=\"has-text-align-left wp-container-content-e4b5e493\"><a href=\"https:\/\/www.instagram.com\/antifa.esa\/?hl=de\">Antifaschistische Linke Eisenach<\/a><\/p>\n\n\n\n<p class=\"has-text-align-left wp-container-content-e4b5e493\"><a href=\"https:\/\/antisexistischersupporterfurt.blackblogs.org\/\">Antisexistischer Support Erfurt<\/a><\/p>\n\n\n\n<p class=\"has-text-align-left wp-container-content-e4b5e493\"><a href=\"https:\/\/plaetzef.noblogs.org\/\">Auf die Pl\u00e4tze-B\u00fcndnis (Erfurt)<\/a><\/p>\n\n\n\n<p class=\"has-text-align-left wp-container-content-e4b5e493\"><a href=\"http:\/\/biko.arranca.de\/\">Bildungskollektiv Biko<\/a><\/p>\n\n\n\n<p class=\"has-text-align-left wp-container-content-e4b5e493\"><a href=\"https:\/\/thueringen.bdp.org\/\">BDP &#8211; Schwarzspechte -Team Kinder- und Jugendgruppen im BDP Th\u00fcringen<\/a><\/p>\n\n\n\n<p class=\"has-text-align-left wp-container-content-e4b5e493\">BDP &#8211; Roter Efeu Jena<\/p>\n\n\n\n<p class=\"has-text-align-left wp-container-content-e4b5e493\"><a href=\"https:\/\/clubcommunism.wordpress.com\/\">Club Communism Jena<\/a><\/p>\n\n\n\n<p class=\"has-text-align-left wp-container-content-e4b5e493\"><a href=\"https:\/\/dasschlechtegewissen.noblogs.org\/\">Das schlechte Gewissen (Jena)<\/a><\/p>\n\n\n\n<p class=\"has-text-align-left wp-container-content-e4b5e493\"><a href=\"https:\/\/www.jugendring-jena.de\/\">Demokratischer Jugendring Jena e.V.<\/a><\/p>\n\n\n\n<p class=\"has-text-align-left\"><a href=\"http:\/\/www.dbsh-thueringen.de\/\">Deutsche Berufsverband f\u00fcr Soziale Arbeit, LV Th\u00fcringen (DBSH)<\/a><\/p>\n\n\n\n<p class=\"has-text-align-left\"><a href=\"http:\/\/hessen-thueringen.dgb.de\/\">DGB Bezirk Hessen- Th\u00fcringen<\/a><\/p>\n\n\n\n<p class=\"has-text-align-left\"><a href=\"http:\/\/www.dgb-bwt.de\/\">DGB Bildungswerk Th\u00fcringen e.V.<\/a><\/p>\n\n\n\n<p class=\"has-text-align-left wp-container-content-e4b5e493\"><a href=\"https:\/\/thueringen.dgb.de\/ueber-uns\/orts-kreisverbnde\/jena-shk\">DGB-Kreisverband Jena\/SHK<\/a><\/p>\n\n\n\n<p class=\"has-text-align-left\"><a href=\"http:\/\/gewerkschaftsjugendthueringen.wordpress.com\/\">DGB Jugend Th\u00fcringen<\/a><\/p>\n\n\n\n<p class=\"has-text-align-left\"><a href=\"https:\/\/dissens.noblogs.org\/\">Dissens Erfurt<\/a><\/p>\n\n\n\n<p class=\"has-text-align-left\"><a href=\"http:\/\/www.fluechtlingsrat-thr.de\/\">Fl\u00fcchtlingsrat Th\u00fcringen e.V.<\/a><\/p>\n\n\n\n<p class=\"has-text-align-left\"><a href=\"http:\/\/www.gew-thueringen.de\/\">Gewerkschaft Erziehung und Wissenschaften (GEW) Th\u00fcringen<\/a><\/p>\n\n\n\n<p class=\"has-text-align-left\"><a href=\"https:\/\/naturfreunde-eisenach.de\/kulturinsel-nord\/der-hedwig-e-v\/\">Hedwig e.V.<\/a><\/p>\n\n\n\n<p class=\"has-text-align-left\"><a href=\"http:\/\/www.igmetall.de\/\">IG Metall<\/a><\/p>\n\n\n\n<p class=\"has-text-align-left wp-container-content-e4b5e493\"><a href=\"https:\/\/sabotnik.infoladen.net\/\">Infoladen Sabotnik Erfurt<\/a><\/p>\n\n\n\n<p class=\"has-text-align-left wp-container-content-e4b5e493\"><a href=\"https:\/\/infoladenjena.noblogs.org\/\">Infoladen Jena<\/a><\/p>\n\n\n\n<p class=\"has-text-align-left wp-container-content-e4b5e493\">ISD Th\u00fcringen<\/p>\n\n\n\n<p class=\"has-text-align-left wp-container-content-e4b5e493\"><a href=\"https:\/\/ibs-thueringen.de\/\">Institut f\u00fcr Berufsbildung und Sozialmanagement (IBS) gGmbH<\/a><\/p>\n\n\n\n<p class=\"has-text-align-left wp-container-content-4bdc31a1\"><a href=\"https:\/\/www.japs-jena.de\/\">Japs (Jena)<\/a><\/p>\n\n\n\n<p class=\"has-text-align-left\"><a href=\"http:\/\/jg-stadtmitte.de\/\">JG Stadtmitte Jena<\/a><\/p>\n\n\n\n<p class=\"has-text-align-left\"><a href=\"https:\/\/www.instagram.com\/jufojena\/?hl=de\">Junges Forum der Deutsch-Israelischen Gesellschaft Jena<\/a><\/p>\n\n\n\n<p class=\"has-text-align-left\"><a href=\"http:\/\/www.jusosthueringen.de\/\">Jusos Th\u00fcringen<\/a><\/p>\n\n\n\n<p class=\"has-text-align-left wp-container-content-e4b5e493\"><a href=\"https:\/\/www.kniestchen-jena.de\/\">Kniestchen (Jena)<\/a><\/p>\n\n\n\n<p class=\"has-text-align-left wp-container-content-e4b5e493\"><a href=\"https:\/\/www.kniestchen-jena.de\/\">KoKont (Jena)<\/a><\/p>\n\n\n\n<p class=\"has-text-align-left wp-container-content-e4b5e493\"><a href=\"https:\/\/www.kommune-kowa.de\/\">Kommune Waltershausen<\/a><\/p>\n\n\n\n<p class=\"has-text-align-left wp-container-content-e4b5e493\"><a href=\"https:\/\/kritikintervention.noblogs.org\/\">Kritik und Intervention (Erfurt)<\/a><\/p>\n\n\n\n<p class=\"has-text-align-left wp-container-content-e4b5e493\"><a href=\"https:\/\/kulturschlachthof-jena.de\/de\/\">Kulturschlachthof (Jena)<\/a><\/p>\n\n\n\n<p class=\"has-text-align-left\"><a href=\"http:\/\/jw-zukunft.de\/startseite\/\">Landesjugendwerk der AWO Th\u00fcringen<\/a><\/p>\n\n\n\n<p class=\"has-text-align-left\"><a href=\"http:\/\/www.solid-thueringen.de\/\">Linksjugend solid Th\u00fcringen<\/a><\/p>\n\n\n\n<p class=\"has-text-align-left\"><a href=\"http:\/\/www.mobit.org\/\">Mobit e.V.<\/a><\/p>\n\n\n\n<p class=\"has-text-align-left wp-container-content-e4b5e493\"><a href=\"https:\/\/www.wagnerverein-jena.de\/\">MVZ Wagner (Jena)<\/a><\/p>\n\n\n\n<p class=\"has-text-align-left wp-container-content-e4b5e493\"><a href=\"http:\/\/naturfreunde-thueringen.de\/\">Naturfreunde Th\u00fcringen<\/a><\/p>\n\n\n\n<p class=\"has-text-align-left wp-container-content-e4b5e493\"><a href=\"http:\/\/www.naturfreundejugend-thueringen.de\/\">Naturfreundejugend Th\u00fcringen<\/a><\/p>\n\n\n\n<p class=\"has-text-align-left wp-container-content-e4b5e493\"><a href=\"https:\/\/nsukomplexaufloesenjena.noblogs.org\/\">NSU-Komplex aufl\u00f6sen Jena<\/a><\/p>\n\n\n\n<p class=\"has-text-align-left\"><a href=\"http:\/\/offenearbeiterfurt.arranca.de\/\">Offene Arbeit des ev. Kirchenkreises Erfurt<\/a><\/p>\n\n\n\n<p class=\"has-text-align-left\"><a href=\"http:\/\/offenearbeiterfurt.arranca.de\/\">Offenes Antifaschistisches Treffen Erfurt<\/a><\/p>\n\n\n\n<p class=\"has-text-align-left wp-container-content-4bdc31a1\"><a href=\"https:\/\/www.instagram.com\/rechtsruckstoppen.jena\/?hl=de\">RechtsruckStoppen (Jena)<\/a><\/p>\n\n\n\n<p class=\"has-text-align-left wp-container-content-e4b5e493\"><a href=\"https:\/\/re-solut.org\/\">re:solut e.V. (Rundum engagiert: Solidarische Unterst\u00fctzung in Th\u00fcringen e.V.)<\/a><\/p>\n\n\n\n<p class=\"has-text-align-left\"><a href=\"http:\/\/www.th.rosalux.de\/\">Rosa-Luxemburg-Stifung Th\u00fcringen<\/a><\/p>\n\n\n\n<p class=\"has-text-align-left\"><a href=\"https:\/\/rotehilfeerfurt.blackblogs.org\/\">Rote Hilfe Erfurt<\/a><\/p>\n\n\n\n<p class=\"has-text-align-left\"><a href=\"https:\/\/rotehilfeerfurt.blackblogs.org\/\">Rote Hilfe Jena<\/a><\/p>\n\n\n\n<p class=\"has-text-align-left wp-container-content-e4b5e493\"><a href=\"https:\/\/suedthueringen.rote-hilfe.de\/\">Rote Hilfe S\u00fcdth\u00fcringen<\/a><\/p>\n\n\n\n<p class=\"has-text-align-left wp-container-content-e4b5e493\"><a href=\"https:\/\/suedthueringen.rote-hilfe.de\/\">SC Roter Stern Jena e.V.<\/a><\/p>\n\n\n\n<p class=\"has-text-align-left wp-container-content-e4b5e493\"><a href=\"https:\/\/www.seebruecke.org\/mach-mit\/deutschland\/thueringen\/erfurt\">Seebr\u00fccke Erfurt<\/a><\/p>\n\n\n\n<p class=\"has-text-align-left wp-container-content-e4b5e493\"><a href=\"http:\/\/www.falken-thueringen.com\/\">Sozialistische Jugend Deutschlands \u2013 Die Falken Th\u00fcringen<\/a><\/p>\n\n\n\n<p class=\"has-text-align-left wp-container-content-e4b5e493\"><a href=\"https:\/\/falken-erfurt.de\/\">SJD &#8211; Die Falken KV Erfurt<\/a><\/p>\n\n\n\n<p class=\"has-text-align-left wp-container-content-e4b5e493\"><a href=\"https:\/\/falken-jena.de\/\">SJD &#8211; Die Falken KV Jena<\/a><\/p>\n\n\n\n<p class=\"has-text-align-left\"><a href=\"https:\/\/www.facebook.com\/gemeinsamgegenrechtsthr\/\">Th\u00fcringer B\u00fcndnisse, Initiativen und Netzwerke gegen Rechts<\/a><\/p>\n\n\n\n<p class=\"has-text-align-left wp-container-content-e4b5e493\"><a href=\"https:\/\/www.frauenzentrum-jena.de\/\">TOWANDA Frauenzentrum Jena<\/a><\/p>\n\n\n\n<p class=\"has-text-align-left wp-container-content-e4b5e493\"><a href=\"https:\/\/taf-jena.de\/\">Treffpunkt am Fichteplatz (TaF) Jena<\/a><\/p>\n\n\n\n<p class=\"has-text-align-left wp-container-content-e4b5e493\"><a href=\"http:\/\/thueringen.vvn-bda.de\/\">TVVN-BdA Th\u00fcringen<\/a><\/p>\n\n\n\n<p class=\"has-text-align-left wp-container-content-e4b5e493\"><a href=\"https:\/\/unigegenrechts.org\/\">Uni gegen Rechts an der FSU Jena<\/a><\/p>\n\n\n\n<p class=\"has-text-align-left wp-container-content-4bdc31a1\"><a href=\"https:\/\/urljena.noblogs.org\/\">URL (Jena)<\/a><\/p>\n\n\n\n<p class=\"has-text-align-left wp-container-content-e4b5e493\"><a href=\"http:\/\/sat.verdi.de\/\">ver.di Bezirk Th\u00fcringen<\/a><\/p>\n\n\n\n<p class=\"has-text-align-left wp-container-content-e4b5e493\"><a href=\"https:\/\/jugend-sat.verdi.de\/\">ver.di Jugend Th\u00fcringen<\/a><\/p>\n\n\n\n<p class=\"has-text-align-left wp-container-content-e4b5e493\"> veto (Erfurt)<\/p>\n\n\n\n<p class=\"has-text-align-left wp-container-content-e4b5e493\"><a href=\"https:\/\/www.instagram.com\/zaesur24\/\">Z\u00e4sur 24<\/a><\/p>\n\n\n\n<p class=\"has-text-align-left wp-container-content-e4b5e493\">Einzelpersonen und Wahlkreisb\u00fcros<\/p>\n\n\n\n<p class=\"has-text-align-left wp-container-content-e4b5e493\">Ann-Sophie Bohm<\/p>\n\n\n\n<p class=\"has-text-align-left wp-container-content-e4b5e493\">Luis Sch\u00e4fer<\/p>\n\n\n\n<p class=\"has-text-align-left wp-container-content-e4b5e493\">Madeleine Henfling<\/p>\n\n\n\n<p class=\"has-text-align-left wp-container-content-e4b5e493\">Sebastian Krieg<\/p>\n\n\n\n<p class=\"has-text-align-left wp-container-content-e4b5e493\">Jugend- und Wahlkreisb\u00fcro Haskala und Katharina K\u00f6nig-Preuss MdL<\/p>\n\n\n\n<p class=\"has-text-align-left wp-container-content-e4b5e493\">Wahlkreisb\u00fcro Donata Vogtschmidt MdB<\/p>\n\n\n\n<p class=\"has-text-align-left wp-container-content-e4b5e493\">Wahlkreisb\u00fcro Lena Saniya G\u00fcng\u00f6r MdL<\/p>\n\n\n\n<p class=\"has-text-align-left wp-container-content-e4b5e493\">und andere Einzelpersonen<\/p>\n<\/div>\n\n\n\n<p><\/p>\n","protected":false},"excerpt":{"rendered":"<p>Diese Seite listet aktuelle Unterst\u00fctzer*innen auf, die gegen Rechtsextremismus und Rassismus in Th\u00fcringen k\u00e4mpfen. Wir sind ein Netzwerk von Organisationen, Gruppen und Einzelpersonen, die sich f\u00fcr eine inklusive und gerechte Gesellschaft einsetzen. Willst du uns auch unterst\u00fctzen? Wenn Sie m\u00f6chten, k\u00f6nnen Sie sich zu unserer Unterst\u00fctzerliste hinzuf\u00fcgen. Bitte melden Sie sich bei uns per E-Mail [&hellip;]<\/p>\n","protected":false},"author":1,"featured_media":0,"parent":0,"menu_order":0,"comment_status":"closed","ping_status":"closed","template":"","meta":{"footnotes":""},"class_list":["post-870","page","type-page","status-publish","hentry"],"_links":{"self":[{"href":"https:\/\/www.ratschlag-thueringen.de\/wp-json\/wp\/v2\/pages\/870","targetHints":{"allow":["GET"]}}],"collection":[{"href":"https:\/\/www.ratschlag-thueringen.de\/wp-json\/wp\/v2\/pages"}],"about":[{"href":"https:\/\/www.ratschlag-thueringen.de\/wp-json\/wp\/v2\/types\/page"}],"author":[{"embeddable":true,"href":"https:\/\/www.ratschlag-thueringen.de\/wp-json\/wp\/v2\/users\/1"}],"replies":[{"embeddable":true,"href":"https:\/\/www.ratschlag-thueringen.de\/wp-json\/wp\/v2\/comments?post=870"}],"version-history":[{"count":11,"href":"https:\/\/www.ratschlag-thueringen.de\/wp-json\/wp\/v2\/pages\/870\/revisions"}],"predecessor-version":[{"id":1029,"href":"https:\/\/www.ratschlag-thueringen.de\/wp-json\/wp\/v2\/pages\/870\/revisions\/1029"}],"wp:attachment":[{"href":"https:\/\/www.ratschlag-thueringen.de\/wp-json\/wp\/v2\/media?parent=870"}],"curies":[{"name":"wp","href":"https:\/\/api.w.org\/{rel}","templated":true}]}}